{"id":2219,"date":"2016-11-21T12:37:03","date_gmt":"2016-11-21T12:37:03","guid":{"rendered":"https:\/\/demo.mekshq.com\/gridlove\/?page_id=2219"},"modified":"2023-12-17T22:48:48","modified_gmt":"2023-12-18T01:48:48","slug":"full-width-page","status":"publish","type":"page","link":"https:\/\/help.roicommerce.com.br\/","title":{"rendered":"Bem-vindo \u00e0 central de ajuda do Roi Commece"},"content":{"rendered":"\t\t<div data-elementor-type=\"wp-page\" data-elementor-id=\"2219\" class=\"elementor elementor-2219\">\n\t\t\t\t\t\t\t<div class=\"elementor-element elementor-element-5666e856 e-flex e-con-boxed e-con e-parent\" data-id=\"5666e856\" data-element_type=\"container\" data-settings=\"{&quot;content_width&quot;:&quot;boxed&quot;}\" data-core-v316-plus=\"true\">\n\t\t\t\t\t<div class=\"e-con-inner\">\n\t\t\t\t<div class=\"elementor-element elementor-element-2c471e81 elementor-widget elementor-widget-text-editor\" data-id=\"2c471e81\" data-element_type=\"widget\" data-widget_type=\"text-editor.default\">\n\t\t\t\t<div class=\"elementor-widget-container\">\n\t\t\t<style>\/*! elementor - v3.18.0 - 08-12-2023 *\/\n.elementor-widget-text-editor.elementor-drop-cap-view-stacked .elementor-drop-cap{background-color:#69727d;color:#fff}.elementor-widget-text-editor.elementor-drop-cap-view-framed .elementor-drop-cap{color:#69727d;border:3px solid;background-color:transparent}.elementor-widget-text-editor:not(.elementor-drop-cap-view-default) .elementor-drop-cap{margin-top:8px}.elementor-widget-text-editor:not(.elementor-drop-cap-view-default) .elementor-drop-cap-letter{width:1em;height:1em}.elementor-widget-text-editor .elementor-drop-cap{float:left;text-align:center;line-height:1;font-size:50px}.elementor-widget-text-editor .elementor-drop-cap-letter{display:inline-block}<\/style>\t\t\t\t<p><!-- wp:heading {\"level\":3,\"className\":\"eplus-WizTWw\"} --><\/p>\n<h3 class=\"wp-block-heading eplus-WizTWw\">Pesquise suas d\u00favidas na barra de pesquisa superior<br>Ou navegue por categoria nos menus abaixo<\/h3>\n<p><!-- \/wp:heading --><\/p>\n<p><!-- wp:paragraph {\"className\":\"eplus-urY9Ib\"} --><\/p>\n<p class=\"eplus-urY9Ib\">\n<\/p><p><!-- \/wp:paragraph --><\/p>\n<p><!-- wp:group {\"className\":\"eplus-MVFVlu\"} --><\/p>\n<div class=\"wp-block-group eplus-MVFVlu\">\n<p><!-- wp:columns {\"className\":\"ticss-3ae096b9 eplus-xWhqZt\"} --><\/p>\n<div class=\"wp-block-columns ticss-3ae096b9 eplus-xWhqZt\">\n<p><!-- wp:column {\"className\":\"ticss-d5562d52 eplus-k9ROjO\"} --><\/p>\n<div class=\"wp-block-column ticss-d5562d52 eplus-k9ROjO\">\n<p><!-- wp:heading {\"textAlign\":\"center\",\"level\":4,\"className\":\"eplus-Hwyud1\"} --><\/p>\n<h4 class=\"wp-block-heading has-text-align-center eplus-Hwyud1\"><a href=\"http:\/\/help.roicommerce.com.br\/index.php\/category\/cadastro\/\">Cadastro de Produto<\/a><\/h4>\n<p><!-- \/wp:heading --><\/p>\n<p><!-- wp:paragraph {\"align\":\"center\",\"className\":\"eplus-9dgxoB\"} --><\/p>\n<p class=\"has-text-align-center eplus-9dgxoB\"><a href=\"http:\/\/help.roicommerce.com.br\/index.php\/category\/cadastro\/\">Aqui voc\u00ea vai encontrar v\u00e1rios artigos relacionados ao cadastro de produtos dentro do RoiCommerce<\/a><\/p>\n<p><!-- \/wp:paragraph --><\/p>\n<\/div>\n<p><!-- \/wp:column --><\/p>\n<p><!-- wp:column {\"className\":\"ticss-a9277f8d eplus-JuDNG9\"} --><\/p>\n<div class=\"wp-block-column ticss-a9277f8d eplus-JuDNG9\">\n<p><!-- wp:heading {\"textAlign\":\"center\",\"level\":4,\"className\":\"eplus-Hwyud1\"} --><\/p>\n<h4 class=\"wp-block-heading has-text-align-center eplus-Hwyud1\"><strong> <a href=\"http:\/\/help.roicommerce.com.br\/index.php\/category\/marketplace\/\">Marketplace <\/a><\/strong><\/h4>\n<p><!-- \/wp:heading --><\/p>\n<p><!-- wp:paragraph {\"align\":\"center\",\"className\":\"eplus-9dgxoB\"} --><\/p>\n<p class=\"has-text-align-center eplus-9dgxoB\"><a href=\"http:\/\/help.roicommerce.com.br\/index.php\/category\/marketplace\/\">Aqui voc\u00ea vai encontrar v\u00e1rios artigos relacionados ao processo de conex\u00e3o com os marktplaces.<\/a><\/p>\n<p><!-- \/wp:paragraph --><\/p>\n<\/div>\n<p><!-- \/wp:column --><\/p>\n<p><!-- wp:column {\"className\":\"ticss-ee927d1b eplus-dSnxu2\"} --><\/p>\n<div class=\"wp-block-column ticss-ee927d1b eplus-dSnxu2\">\n<p><!-- wp:heading {\"textAlign\":\"center\",\"level\":4,\"className\":\"eplus-yQkZ8U\"} --><\/p>\n<h4 class=\"wp-block-heading has-text-align-center eplus-yQkZ8U\"><strong> <a href=\"http:\/\/help.roicommerce.com.br\/index.php\/category\/opencart\/\">Opencart <\/a><\/strong><\/h4>\n<p><!-- \/wp:heading --><\/p>\n<p><!-- wp:paragraph {\"align\":\"center\",\"className\":\"eplus-tC8gMx\"} --><\/p>\n<p class=\"has-text-align-center eplus-tC8gMx\"><a href=\"http:\/\/help.roicommerce.com.br\/index.php\/category\/opencart\/\">Aqui voc\u00ea vai encontrar v\u00e1rios artigos relacionados ao Opencart.<\/a><\/p>\n<p><!-- \/wp:paragraph --><\/p>\n<\/div>\n<p><!-- \/wp:column --><\/p>\n<\/div>\n<p><!-- \/wp:columns --><\/p>\n<\/div>\n<p><!-- \/wp:group --><\/p>\n<p><!-- wp:group {\"className\":\"eplus-MVFVlu\"} --><\/p>\n<div class=\"wp-block-group eplus-MVFVlu\">\n<p><!-- wp:columns {\"className\":\"ticss-3ae096b9 eplus-xWhqZt\"} --><\/p>\n<div class=\"wp-block-columns ticss-3ae096b9 eplus-xWhqZt\">\n<p><!-- wp:column {\"className\":\"ticss-d5562d52 eplus-k9ROjO\"} --><\/p>\n<div class=\"wp-block-column ticss-d5562d52 eplus-k9ROjO\">\n<p><!-- wp:heading {\"textAlign\":\"center\",\"level\":4,\"className\":\"eplus-bxusCg\"} --><\/p>\n<h4 class=\"wp-block-heading has-text-align-center eplus-bxusCg\"><strong>Pedidos<\/strong><\/h4>\n<p><!-- \/wp:heading --><\/p>\n<p><!-- wp:paragraph {\"align\":\"center\",\"className\":\"eplus-3RI5NU\"} --><\/p>\n<p class=\"has-text-align-center eplus-3RI5NU\">Aqui voc\u00ea vai encontrar v\u00e1rios artigos relacionados a manipula\u00e7\u00e3o de pedidos no RoiCommerce<\/p>\n<p><!-- \/wp:paragraph --><\/p>\n<\/div>\n<p><!-- \/wp:column --><\/p>\n<p><!-- wp:column {\"className\":\"ticss-a9277f8d eplus-JuDNG9\"} --><\/p>\n<div class=\"wp-block-column ticss-a9277f8d eplus-JuDNG9\">\n<p><!-- wp:heading {\"textAlign\":\"center\",\"level\":4,\"className\":\"eplus-Hwyud1\"} --><\/p>\n<h4 class=\"wp-block-heading has-text-align-center eplus-Hwyud1\"><strong><a href=\"https:\/\/help.roicommerce.com.br\/index.php\/category\/integracoes-logisticas\/\">Integra\u00e7\u00f5es Log\u00edsticas<\/a><\/strong><\/h4>\n<p><!-- \/wp:heading --><\/p>\n<p><!-- wp:paragraph {\"align\":\"center\",\"className\":\"eplus-9dgxoB\"} --><\/p>\n<p class=\"has-text-align-center eplus-9dgxoB\"><a href=\"https:\/\/help.roicommerce.com.br\/index.php\/category\/integracoes-logisticas\/\">Aqui voc\u00ea vai encontrar v\u00e1rios artigos relacionados a configura\u00e7\u00e3o das integra\u00e7\u00f5es log\u00edsticas dentro do RoiCommerce<\/a><\/p>\n<p><!-- \/wp:paragraph --><\/p>\n<\/div>\n<p><!-- \/wp:column --><\/p>\n<p><!-- wp:column {\"className\":\"ticss-ee927d1b eplus-dSnxu2\"} --><\/p>\n<div class=\"wp-block-column ticss-ee927d1b eplus-dSnxu2\">\n<p><!-- wp:heading {\"textAlign\":\"center\",\"level\":4,\"className\":\"eplus-yQkZ8U\"} --><\/p>\n<h4 class=\"wp-block-heading has-text-align-center eplus-yQkZ8U\"><strong><a href=\"https:\/\/help.roicommerce.com.br\/index.php\/category\/integracoes\/erp\/\"> Integra\u00e7\u00f5es ERP<\/a><\/strong><\/h4>\n<p><!-- \/wp:heading --><\/p>\n<p><!-- wp:paragraph {\"align\":\"center\",\"className\":\"eplus-tC8gMx\"} --><\/p>\n<p class=\"has-text-align-center eplus-tC8gMx\"><a href=\"https:\/\/help.roicommerce.com.br\/index.php\/category\/integracoes\/erp\/\">Aqui voc\u00ea vai encontrar artigos diversos sobre integra\u00e7\u00f5es com ERP<\/a><\/p><\/div><\/div>\n<p><!-- \/wp:heading --><\/p>\n<\/div>\n<p><!-- \/wp:group --><\/p>\n<p><!-- wp:group {\"className\":\"eplus-hwIwbM\"} --><\/p>\n<div class=\"wp-block-group eplus-hwIwbM\"><!-- wp:latest-posts {\"postLayout\":\"grid\",\"className\":\" eplus-QEsx58\"} \/--><\/div>\n<p><!-- \/wp:group --><\/p>\t\t\t\t\t\t<\/div>\n\t\t\t\t<\/div>\n\t\t\t\t\t<\/div>\n\t\t\t\t<\/div>\n\t\t\t\t\t\t\t<\/div>\n\t\t","protected":false},"excerpt":{"rendered":"<p>Pesquise suas d\u00favidas na barra de pesquisa superiorOu navegue por categoria nos menus abaixo Cadastro de Produto Aqui voc\u00ea vai encontrar v\u00e1rios artigos relacionados ao cadastro de produtos dentro do RoiCommerce Marketplace Aqui voc\u00ea vai encontrar v\u00e1rios artigos relacionados ao processo de conex\u00e3o com os marktplaces. Opencart Aqui voc\u00ea vai encontrar v\u00e1rios artigos relacionados ao [&hellip;]<\/p>\n","protected":false},"author":1,"featured_media":0,"parent":0,"menu_order":0,"comment_status":"closed","ping_status":"closed","template":"template-full-width.php","meta":{"footnotes":""},"_links":{"self":[{"href":"https:\/\/help.roicommerce.com.br\/index.php\/wp-json\/wp\/v2\/pages\/2219"}],"collection":[{"href":"https:\/\/help.roicommerce.com.br\/index.php\/wp-json\/wp\/v2\/pages"}],"about":[{"href":"https:\/\/help.roicommerce.com.br\/index.php\/wp-json\/wp\/v2\/types\/page"}],"author":[{"embeddable":true,"href":"https:\/\/help.roicommerce.com.br\/index.php\/wp-json\/wp\/v2\/users\/1"}],"replies":[{"embeddable":true,"href":"https:\/\/help.roicommerce.com.br\/index.php\/wp-json\/wp\/v2\/comments?post=2219"}],"version-history":[{"count":64,"href":"https:\/\/help.roicommerce.com.br\/index.php\/wp-json\/wp\/v2\/pages\/2219\/revisions"}],"predecessor-version":[{"id":3848,"href":"https:\/\/help.roicommerce.com.br\/index.php\/wp-json\/wp\/v2\/pages\/2219\/revisions\/3848"}],"wp:attachment":[{"href":"https:\/\/help.roicommerce.com.br\/index.php\/wp-json\/wp\/v2\/media?parent=2219"}],"curies":[{"name":"wp","href":"https:\/\/api.w.org\/{rel}","templated":true}]}}